{"id":375,"date":"2018-11-26T12:46:44","date_gmt":"2018-11-26T17:46:44","guid":{"rendered":"https:\/\/websitedemos.net\/alex26\/?page_id=9"},"modified":"2020-08-25T11:03:54","modified_gmt":"2020-08-25T16:03:54","slug":"proyectos","status":"publish","type":"page","link":"https:\/\/www.it-consultores.com\/wp\/proyectos\/","title":{"rendered":"Proyectos"},"content":{"rendered":"\n<section class=\"wp-block-uagb-section uagb-section__wrap uagb-section__background-color uagb-block-c22cdee2\"><div class=\"uagb-section__overlay\"><\/div><div class=\"uagb-section__inner-wrap\">\n<section class=\"wp-block-uagb-columns uagb-columns__wrap uagb-columns__background-undefined uagb-columns__stack-mobile uagb-columns__valign-undefined uagb-columns__gap-0 alignundefined uagb-block-8e8787c8\"><div class=\"uagb-columns__overlay\"><\/div><div class=\"uagb-columns__inner-wrap uagb-columns__columns-2\">\n<div class=\"wp-block-uagb-column uagb-column__wrap uagb-column__background-undefined uagb-block-8d5684bb\"><div class=\"uagb-column__overlay\"><\/div><div class=\"uagb-column__inner-wrap\">\n<h2 class=\"has-text-color wp-block-heading\" style=\"color:#1b5a81\">Algunos proyectos desarrollados por IT Consultores S.A.<\/h2>\n\n\n\n<p><\/p>\n<\/div><\/div>\n\n\n\n<div class=\"wp-block-uagb-column uagb-column__wrap uagb-column__background-undefined uagb-block-7a09061c\"><div class=\"uagb-column__overlay\"><\/div><div class=\"uagb-column__inner-wrap\">\n<div class=\"aligncenter wp-block-ugb-button ugb-button-wrapper ugb-a758148 ugb-main-block\" id=\"\"><style>.ugb-a758148 .ugb-block-content{justify-content:center}.ugb-a758148 .ugb-button1{background-color:#093d5a;padding-right:26px;padding-left:26px;border-radius:0px !important}.ugb-a758148 .ugb-button1 .ugb-button--inner,.ugb-a758148 .ugb-button1 svg:not(.ugb-custom-icon){color:#ffffff !important}.ugb-a758148 .ugb-button1:before{border-radius:0px !important}.ugb-a758148 .ugb-inner-block{text-align:center}.ugb-a758148.ugb-button-wrapper{margin-top:0px !important;margin-right:0px !important;margin-bottom:0px !important;margin-left:0px !important;padding-top:0px !important;padding-right:0px !important;padding-bottom:0px !important;padding-left:0px !important}<\/style><div class=\"ugb-inner-block\"><div class=\"ugb-block-content\"><div class=\"ugb-button-container\"><a class=\"ugb-button1 ugb-button ugb-button--size-normal\" href=\"https:\/\/www.it-consultores.com\/wp\/en\/projects\/\" rel=\"\"><span class=\"ugb-button--inner\">English Version<\/span><\/a><\/div><\/div><\/div><\/div>\n<\/div><\/div>\n<\/div><\/section>\n\n\n\n<div style=\"height:20px\" aria-hidden=\"true\" class=\"wp-block-spacer\"><\/div>\n\n\n\n<ul class=\"is-style-checked has-custom-size wp-block-list\" style=\"font-size:17px\"><li>Implementaci\u00f3n de Sistema de Informaci\u00f3n Espacial en ambiente Web para la consulta de clientes e instalaciones de distribuci\u00f3n el\u00e9ctrica.<\/li><li>Soporte T\u00e9cnico para la Gesti\u00f3n de la Informaci\u00f3n VNR\/VAD y Supervisi\u00f3n del estudio de C\u00e1lculo de VNR de las instalaciones de distribuci\u00f3n el\u00e9ctrica, a entidades reguladoras, consistente en el procesamiento de informaci\u00f3n alfanum\u00e9rica y geoespacial, para la elaboraci\u00f3n de an\u00e1lisis t\u00e9cnicos.<\/li><li>Definici\u00f3n de metodolog\u00edas y procesamiento de informaci\u00f3n t\u00e9cnica para la fiscalizaci\u00f3n en la actividad de distribuci\u00f3n.<\/li><li>Implementaci\u00f3n de m\u00f3dulos de c\u00e1lculo el\u00e9ctrico integrado con GIS.<\/li><li>Supervisi\u00f3n del desarrollo de Sistema de c\u00e1lculo del VNR de las instalaciones de distribuci\u00f3n el\u00e9ctrica.<\/li><li>Consultor\u00eda para el c\u00e1lculo de las Altas y Bajas de las instalaciones de distribuci\u00f3n el\u00e9ctrica.<\/li><li>Implementaci\u00f3n de la tecnolog\u00eda GIS para la fiscalizaci\u00f3n el\u00e9ctrica.<\/li><li>Implementaci\u00f3n de sistemas para la gesti\u00f3n de deficiencias en la red el\u00e9ctrica de distribuci\u00f3n.<\/li><li>Desarrollo e implementaci\u00f3n de sistema de informaci\u00f3n geoespacial para la gesti\u00f3n de redes de distribuci\u00f3n de agua potable, con integraci\u00f3n de herramientas de consulta v\u00eda web.<\/li><li>An\u00e1lisis de clientes de Gas Natural.<\/li><li>Implementaci\u00f3n y mantenimiento de sistema de monitoreo del Valor Nuevo de Reemplazo de las instalaciones de distribuci\u00f3n de Gas Natural.<\/li><li>Implementaci\u00f3n de aplicaciones para control de tareas y sistemas de control de veh\u00edculos.<\/li><li>Implementaci\u00f3n de aplicaciones GIS para equipos m\u00f3viles.<\/li><li>Gesti\u00f3n de proyectos de tecnolog\u00edas de informaci\u00f3n en la implementaci\u00f3n de sistema catastral y de registro de propiedad inmueble.<\/li><li>Implementaci\u00f3n y puesta en operaci\u00f3n de sistema de gesti\u00f3n de redes de infraestructura de telecomunicaciones (TELCO).<\/li><li>Carga de datos y digitalizaci\u00f3n de infraestructura de TELCO.<\/li><\/ul>\n\n\n\n<div style=\"height:50px\" aria-hidden=\"true\" class=\"wp-block-spacer\"><\/div>\n\n\n\n<section class=\"wp-block-uagb-section uagb-section__wrap uagb-section__background-undefined uagb-block-60bd5802\"><div class=\"uagb-section__overlay\"><\/div><div class=\"uagb-section__inner-wrap\">\n<section class=\"wp-block-uagb-columns uagb-columns__wrap uagb-columns__background-undefined uagb-columns__stack-none uagb-columns__valign-undefined uagb-columns__gap-5 alignundefined uagb-block-affefb16\"><div class=\"uagb-columns__overlay\"><\/div><div class=\"uagb-columns__inner-wrap uagb-columns__columns-2\">\n<div class=\"wp-block-uagb-column uagb-column__wrap uagb-column__background-undefined uagb-block-1faeb2c2\"><div class=\"uagb-column__overlay\"><\/div><div class=\"uagb-column__inner-wrap\">\n<p class=\"has-text-align-right has-normal-font-size\"><strong>COMPARTIR<\/strong><\/p>\n<\/div><\/div>\n\n\n\n<div class=\"wp-block-uagb-column uagb-column__wrap uagb-column__background-undefined uagb-block-346b0b39\"><div class=\"uagb-column__overlay\"><\/div><div class=\"uagb-column__inner-wrap\">\n<div class=\"wp-block-uagb-social-share uagb-social-share__outer-wrap uagb-social-share__layout-horizontal uagb-block-d4096502\"><div class=\"uagb-social-share__wrap\">\n<div class=\"wp-block-uagb-social-share-child uagb-ss-repeater uagb-ss__wrapper uagb-block-893fa640\"><a class=\"uagb-ss__link\" data-href=\"https:\/\/www.facebook.com\/sharer.php?u=\" rel=\"noopener noreferrer\"><span class=\"uagb-ss__source-wrap\"><span class=\"uagb-ss__source-icon\"><svg xmlns=\"http:\/\/www.w3.org\/2000\/svg\" viewbox=\"0 0 448 512\"><path d=\"M400 32H48A48 48 0 0 0 0 80v352a48 48 0 0 0 48 48h137.25V327.69h-63V256h63v-54.64c0-62.15 37-96.48 93.67-96.48 27.14 0 55.52 4.84 55.52 4.84v61h-31.27c-30.81 0-40.42 19.12-40.42 38.73V256h68.78l-11 71.69h-57.78V480H400a48 48 0 0 0 48-48V80a48 48 0 0 0-48-48z\"><\/path><\/svg><\/span><\/span><\/a><\/div>\n\n\n\n<div class=\"wp-block-uagb-social-share-child uagb-ss-repeater uagb-ss__wrapper uagb-block-b509b8ac\"><a class=\"uagb-ss__link\" data-href=\"https:\/\/www.facebook.com\/sharer.php?u=\" rel=\"noopener noreferrer\"><span class=\"uagb-ss__source-wrap\"><span class=\"uagb-ss__source-icon\"><svg xmlns=\"http:\/\/www.w3.org\/2000\/svg\" viewbox=\"0 0 448 512\"><path d=\"M416 32H31.9C14.3 32 0 46.5 0 64.3v383.4C0 465.5 14.3 480 31.9 480H416c17.6 0 32-14.5 32-32.3V64.3c0-17.8-14.4-32.3-32-32.3zM135.4 416H69V202.2h66.5V416zm-33.2-243c-21.3 0-38.5-17.3-38.5-38.5S80.9 96 102.2 96c21.2 0 38.5 17.3 38.5 38.5 0 21.3-17.2 38.5-38.5 38.5zm282.1 243h-66.4V312c0-24.8-.5-56.7-34.5-56.7-34.6 0-39.9 27-39.9 54.9V416h-66.4V202.2h63.7v29.2h.9c8.9-16.8 30.6-34.5 62.9-34.5 67.2 0 79.7 44.3 79.7 101.9V416z\"><\/path><\/svg><\/span><\/span><\/a><\/div>\n\n\n\n<div class=\"wp-block-uagb-social-share-child uagb-ss-repeater uagb-ss__wrapper uagb-block-a8411a89\"><a class=\"uagb-ss__link\" data-href=\"https:\/\/www.facebook.com\/sharer.php?u=\" rel=\"noopener noreferrer\"><span class=\"uagb-ss__source-wrap\"><span class=\"uagb-ss__source-icon\"><svg xmlns=\"http:\/\/www.w3.org\/2000\/svg\" viewbox=\"0 0 448 512\"><path d=\"M400 32H48C21.5 32 0 53.5 0 80v352c0 26.5 21.5 48 48 48h352c26.5 0 48-21.5 48-48V80c0-26.5-21.5-48-48-48zm-48.9 158.8c.2 2.8.2 5.7.2 8.5 0 86.7-66 186.6-186.6 186.6-37.2 0-71.7-10.8-100.7-29.4 5.3.6 10.4.8 15.8.8 30.7 0 58.9-10.4 81.4-28-28.8-.6-53-19.5-61.3-45.5 10.1 1.5 19.2 1.5 29.6-1.2-30-6.1-52.5-32.5-52.5-64.4v-.8c8.7 4.9 18.9 7.9 29.6 8.3a65.447 65.447 0 0 1-29.2-54.6c0-12.2 3.2-23.4 8.9-33.1 32.3 39.8 80.8 65.8 135.2 68.6-9.3-44.5 24-80.6 64-80.6 18.9 0 35.9 7.9 47.9 20.7 14.8-2.8 29-8.3 41.6-15.8-4.9 15.2-15.2 28-28.8 36.1 13.2-1.4 26-5.1 37.8-10.2-8.9 13.1-20.1 24.7-32.9 34z\"><\/path><\/svg><\/span><\/span><\/a><\/div>\n<\/div><\/div>\n<\/div><\/div>\n<\/div><\/section>\n<\/div><\/section>\n\n\n\n<p><\/p>\n<\/div><\/section>\n\n\n\n<figure class=\"wp-block-image alignfull size-large\"><img decoding=\"async\" src=\"https:\/\/www.it-consultores.com\/wp\/wp-content\/uploads\/proyectos-it-consultores-01.webp\" alt=\"Proyectos IT Consultores\" class=\"wp-image-3249\"\/><\/figure>\n\n\n\n<div style=\"height:100px\" aria-hidden=\"true\" class=\"wp-block-spacer\"><\/div>\n\n\n\n<div class=\"wp-block-uagb-advanced-heading uagb-block-0cbb6934\"><h2 class=\"uagb-heading-text\">\u00bfDesea asesor\u00eda sobre nuestros productos y servicios?<\/h2><p class=\"uagb-desc-text\"><\/p><\/div>\n\n\n\n<section class=\"wp-block-uagb-section uagb-section__wrap uagb-section__background-undefined uagb-block-80e8ad88\"><div class=\"uagb-section__overlay\"><\/div><div class=\"uagb-section__inner-wrap\">\n<div class=\"wp-block-columns is-layout-flex wp-container-core-columns-is-layout-28f84493 wp-block-columns-is-layout-flex\">\n<div class=\"wp-block-column is-layout-flow wp-block-column-is-layout-flow\">\n<div class=\"wp-block-ugb-button ugb-button-wrapper ugb-3fd1a51 ugb-main-block\"><style>.ugb-3fd1a51 .ugb-block-content{justify-content:center !important}.ugb-3fd1a51 .ugb-button1 .ugb-button--inner{font-size:18px !important;font-weight:400 !important}.ugb-3fd1a51 .ugb-button1{background-color:#41505d;padding-top:10px;padding-right:32px;padding-bottom:10px;padding-left:32px;border-radius:0px !important}.ugb-3fd1a51 .ugb-button1 .ugb-button--inner,.ugb-3fd1a51 .ugb-button1 svg:not(.ugb-custom-icon){color:#ffffff !important}.ugb-3fd1a51 .ugb-button1:before{border-radius:0px !important}.ugb-3fd1a51 .ugb-button1.ugb-button--has-icon.ugb-button--has-icon svg{margin-right:16px;width:26px;height:26px}.ugb-3fd1a51 .ugb-inner-block{text-align:center}<\/style><div class=\"ugb-inner-block\"><div class=\"ugb-block-content\"><div class=\"ugb-button-container\"><a class=\"ugb-button1 ugb-button ugb-button--size-normal ugb-button--ghost-to-normal-effect ugb--shadow-3 ugb-button--has-icon\" href=\"mailto:info@it-consultores.com\" rel=\"\" title=\"\"><div class=\"ugb-icon-inner-svg\"><svg data-prefix=\"fas\" data-icon=\"envelope\" class=\"svg-inline--fa fa-envelope fa-w-16\" role=\"img\" xmlns=\"http:\/\/www.w3.org\/2000\/svg\" viewBox=\"0 0 512 512\"><path fill=\"currentColor\" d=\"M502.3 190.8c3.9-3.1 9.7-.2 9.7 4.7V400c0 26.5-21.5 48-48 48H48c-26.5 0-48-21.5-48-48V195.6c0-5 5.7-7.8 9.7-4.7 22.4 17.4 52.1 39.5 154.1 113.6 21.1 15.4 56.7 47.8 92.2 47.6 35.7.3 72-32.8 92.3-47.6 102-74.1 131.6-96.3 154-113.7zM256 320c23.2.4 56.6-29.2 73.4-41.4 132.7-96.3 142.8-104.7 173.4-128.7 5.8-4.5 9.2-11.5 9.2-18.9v-19c0-26.5-21.5-48-48-48H48C21.5 64 0 85.5 0 112v19c0 7.4 3.4 14.3 9.2 18.9 30.6 23.9 40.7 32.4 173.4 128.7 16.8 12.2 50.2 41.8 73.4 41.4z\"><\/path><\/svg><\/div><span class=\"ugb-button--inner\">Email<\/span><\/a><\/div><\/div><\/div><\/div>\n<\/div>\n\n\n\n<div class=\"wp-block-column is-layout-flow wp-block-column-is-layout-flow\">\n<div class=\"aligncenter wp-block-ugb-button ugb-button-wrapper popmake-3597 ugb-d172281 ugb-main-block\"><style>.ugb-d172281 .ugb-block-content{justify-content:center !important}.ugb-d172281 .ugb-button1 .ugb-button--inner{font-size:18px !important;font-weight:400 !important}.ugb-d172281 .ugb-button1{background-color:#075a8a;padding-top:10px;padding-right:32px;padding-bottom:10px;padding-left:32px;border-radius:0px !important}.ugb-d172281 .ugb-button1 .ugb-button--inner,.ugb-d172281 .ugb-button1 svg:not(.ugb-custom-icon){color:#ffffff !important}.ugb-d172281 .ugb-button1:before{border-radius:0px !important}.ugb-d172281 .ugb-button1.ugb-button--has-icon.ugb-button--has-icon svg{margin-right:16px;width:26px;height:26px}.ugb-d172281 .ugb-inner-block{text-align:center}<\/style><div class=\"ugb-inner-block\"><div class=\"ugb-block-content\"><div class=\"ugb-button-container\"><a class=\"ugb-button1 ugb-button ugb-button--size-normal ugb-button--ghost-to-normal-effect ugb--shadow-3 ugb-button--has-icon\" href=\"https:\/\/www.it-consultores.com\/wp\/informacion-contacto\/\" rel=\"\" title=\"\"><div class=\"ugb-icon-inner-svg\"><svg data-prefix=\"fas\" data-icon=\"file-alt\" class=\"svg-inline--fa fa-file-alt fa-w-12\" role=\"img\" xmlns=\"http:\/\/www.w3.org\/2000\/svg\" viewBox=\"0 0 384 512\"><path fill=\"currentColor\" d=\"M224 136V0H24C10.7 0 0 10.7 0 24v464c0 13.3 10.7 24 24 24h336c13.3 0 24-10.7 24-24V160H248c-13.2 0-24-10.8-24-24zm64 236c0 6.6-5.4 12-12 12H108c-6.6 0-12-5.4-12-12v-8c0-6.6 5.4-12 12-12h168c6.6 0 12 5.4 12 12v8zm0-64c0 6.6-5.4 12-12 12H108c-6.6 0-12-5.4-12-12v-8c0-6.6 5.4-12 12-12h168c6.6 0 12 5.4 12 12v8zm0-72v8c0 6.6-5.4 12-12 12H108c-6.6 0-12-5.4-12-12v-8c0-6.6 5.4-12 12-12h168c6.6 0 12 5.4 12 12zm96-114.1v6.1H256V0h6.1c6.4 0 12.5 2.5 17 7l97.9 98c4.5 4.5 7 10.6 7 16.9z\"><\/path><\/svg><\/div><span class=\"ugb-button--inner\">Cons\u00faltanos<\/span><\/a><\/div><\/div><\/div><\/div>\n<\/div>\n<\/div>\n<\/div><\/section>\n","protected":false},"excerpt":{"rendered":"","protected":false},"author":1,"featured_media":0,"parent":0,"menu_order":0,"comment_status":"closed","ping_status":"closed","template":"","meta":{"_acf_changed":false,"_editorskit_title_hidden":false,"_editorskit_reading_time":1,"_editorskit_is_block_options_detached":false,"_editorskit_block_options_position":"{}","inline_featured_image":false,"_uag_custom_page_level_css":"","site-sidebar-layout":"default","site-content-layout":"page-builder","ast-site-content-layout":"","site-content-style":"default","site-sidebar-style":"default","ast-global-header-display":"","ast-banner-title-visibility":"","ast-main-header-display":"","ast-hfb-above-header-display":"","ast-hfb-below-header-display":"","ast-hfb-mobile-header-display":"","site-post-title":"","ast-breadcrumbs-content":"","ast-featured-img":"disabled","footer-sml-layout":"","theme-transparent-header-meta":"enabled","adv-header-id-meta":"","stick-header-meta":"default","header-above-stick-meta":"","header-main-stick-meta":"","header-below-stick-meta":"","astra-migrate-meta-layouts":"","footnotes":""},"class_list":["post-375","page","type-page","status-publish","hentry"],"acf":[],"featured_image_urls_v2":{"full":"","thumbnail":"","medium":"","medium_large":"","large":"","1536x1536":"","2048x2048":""},"post_excerpt_stackable_v2":"<p>Algunos proyectos desarrollados por IT Consultores S.A. English Version Implementaci\u00f3n de Sistema de Informaci\u00f3n Espacial en ambiente Web para la consulta de clientes e instalaciones de distribuci\u00f3n el\u00e9ctrica.Soporte T\u00e9cnico para la Gesti\u00f3n de la Informaci\u00f3n VNR\/VAD y Supervisi\u00f3n del estudio de C\u00e1lculo de VNR de las instalaciones de distribuci\u00f3n el\u00e9ctrica, a entidades reguladoras, consistente en el procesamiento de informaci\u00f3n alfanum\u00e9rica y geoespacial, para la elaboraci\u00f3n de an\u00e1lisis t\u00e9cnicos.Definici\u00f3n de metodolog\u00edas y procesamiento de informaci\u00f3n t\u00e9cnica para la fiscalizaci\u00f3n en la actividad de distribuci\u00f3n.Implementaci\u00f3n de m\u00f3dulos de c\u00e1lculo el\u00e9ctrico integrado con GIS.Supervisi\u00f3n del desarrollo de Sistema de c\u00e1lculo del VNR de&hellip;<\/p>\n","category_list_v2":"","author_info_v2":{"name":"Administrador","url":"https:\/\/www.it-consultores.com\/wp\/author\/admin2020\/"},"comments_num_v2":"0 comentarios","yoast_head":"<!-- This site is optimized with the Yoast SEO plugin v26.9 - https:\/\/yoast.com\/product\/yoast-seo-wordpress\/ -->\n<title>Proyectos - IT Consultores S.A. | Conozca algunos de nuestros proyectos<\/title>\n<meta name=\"description\" content=\"Implementaci\u00f3n de Sistema de Informaci\u00f3n Espacial en ambiente Web para la consulta de clientes e instalaciones de distribuci\u00f3n el\u00e9ctrica y mucho m\u00e1s.\" \/>\n<meta name=\"robots\" content=\"index, follow, max-snippet:-1, max-image-preview:large, max-video-preview:-1\" \/>\n<link rel=\"canonical\" href=\"https:\/\/www.it-consultores.com\/wp\/proyectos\/\" \/>\n<meta property=\"og:locale\" content=\"es_ES\" \/>\n<meta property=\"og:type\" content=\"article\" \/>\n<meta property=\"og:title\" content=\"Proyectos - IT Consultores S.A. | Conozca algunos de nuestros proyectos\" \/>\n<meta property=\"og:description\" content=\"Implementaci\u00f3n de Sistema de Informaci\u00f3n Espacial en ambiente Web para la consulta de clientes e instalaciones de distribuci\u00f3n el\u00e9ctrica y mucho m\u00e1s.\" \/>\n<meta property=\"og:url\" content=\"https:\/\/www.it-consultores.com\/wp\/proyectos\/\" \/>\n<meta property=\"og:site_name\" content=\"Consultores de TI | Smallworld, CYME, GL Noble Denton | Peru\" \/>\n<meta property=\"article:publisher\" content=\"https:\/\/www.facebook.com\/innovacionytecnologiaconsultores\" \/>\n<meta property=\"article:modified_time\" content=\"2020-08-25T16:03:54+00:00\" \/>\n<meta property=\"og:image\" content=\"https:\/\/www.it-consultores.com\/wp\/wp-content\/uploads\/proyectos-it-consultores-01.webp\" \/>\n<meta name=\"twitter:card\" content=\"summary_large_image\" \/>\n<meta name=\"twitter:label1\" content=\"Tiempo de lectura\" \/>\n\t<meta name=\"twitter:data1\" content=\"2 minutos\" \/>\n<script type=\"application\/ld+json\" class=\"yoast-schema-graph\">{\"@context\":\"https:\/\/schema.org\",\"@graph\":[{\"@type\":\"WebPage\",\"@id\":\"https:\/\/www.it-consultores.com\/wp\/proyectos\/\",\"url\":\"https:\/\/www.it-consultores.com\/wp\/proyectos\/\",\"name\":\"Proyectos - IT Consultores S.A. | Conozca algunos de nuestros proyectos\",\"isPartOf\":{\"@id\":\"https:\/\/www.it-consultores.com\/wp\/#website\"},\"primaryImageOfPage\":{\"@id\":\"https:\/\/www.it-consultores.com\/wp\/proyectos\/#primaryimage\"},\"image\":{\"@id\":\"https:\/\/www.it-consultores.com\/wp\/proyectos\/#primaryimage\"},\"thumbnailUrl\":\"https:\/\/www.it-consultores.com\/wp\/wp-content\/uploads\/proyectos-it-consultores-01.webp\",\"datePublished\":\"2018-11-26T17:46:44+00:00\",\"dateModified\":\"2020-08-25T16:03:54+00:00\",\"description\":\"Implementaci\u00f3n de Sistema de Informaci\u00f3n Espacial en ambiente Web para la consulta de clientes e instalaciones de distribuci\u00f3n el\u00e9ctrica y mucho m\u00e1s.\",\"breadcrumb\":{\"@id\":\"https:\/\/www.it-consultores.com\/wp\/proyectos\/#breadcrumb\"},\"inLanguage\":\"es\",\"potentialAction\":[{\"@type\":\"ReadAction\",\"target\":[\"https:\/\/www.it-consultores.com\/wp\/proyectos\/\"]}]},{\"@type\":\"ImageObject\",\"inLanguage\":\"es\",\"@id\":\"https:\/\/www.it-consultores.com\/wp\/proyectos\/#primaryimage\",\"url\":\"https:\/\/www.it-consultores.com\/wp\/wp-content\/uploads\/proyectos-it-consultores-01.webp\",\"contentUrl\":\"https:\/\/www.it-consultores.com\/wp\/wp-content\/uploads\/proyectos-it-consultores-01.webp\"},{\"@type\":\"BreadcrumbList\",\"@id\":\"https:\/\/www.it-consultores.com\/wp\/proyectos\/#breadcrumb\",\"itemListElement\":[{\"@type\":\"ListItem\",\"position\":1,\"name\":\"Portada\",\"item\":\"https:\/\/www.it-consultores.com\/wp\/\"},{\"@type\":\"ListItem\",\"position\":2,\"name\":\"Proyectos\"}]},{\"@type\":\"WebSite\",\"@id\":\"https:\/\/www.it-consultores.com\/wp\/#website\",\"url\":\"https:\/\/www.it-consultores.com\/wp\/\",\"name\":\"Consultores de TI | Smallworld, CYME, GL Noble Denton | Peru\",\"description\":\"IT Consultores | Smallworld | CYME | Electric Office | PowerOn | Synergee Gas |Latino Am\u00e9rica\",\"publisher\":{\"@id\":\"https:\/\/www.it-consultores.com\/wp\/#organization\"},\"potentialAction\":[{\"@type\":\"SearchAction\",\"target\":{\"@type\":\"EntryPoint\",\"urlTemplate\":\"https:\/\/www.it-consultores.com\/wp\/?s={search_term_string}\"},\"query-input\":{\"@type\":\"PropertyValueSpecification\",\"valueRequired\":true,\"valueName\":\"search_term_string\"}}],\"inLanguage\":\"es\"},{\"@type\":\"Organization\",\"@id\":\"https:\/\/www.it-consultores.com\/wp\/#organization\",\"name\":\"Innovaci\u00f3n y Tecnolog\u00eda Consultores S.A.\",\"url\":\"https:\/\/www.it-consultores.com\/wp\/\",\"logo\":{\"@type\":\"ImageObject\",\"inLanguage\":\"es\",\"@id\":\"https:\/\/www.it-consultores.com\/wp\/#\/schema\/logo\/image\/\",\"url\":\"https:\/\/www.it-consultores.com\/wp\/wp-content\/uploads\/it-imagen-destacada.png\",\"contentUrl\":\"https:\/\/www.it-consultores.com\/wp\/wp-content\/uploads\/it-imagen-destacada.png\",\"width\":401,\"height\":401,\"caption\":\"Innovaci\u00f3n y Tecnolog\u00eda Consultores S.A.\"},\"image\":{\"@id\":\"https:\/\/www.it-consultores.com\/wp\/#\/schema\/logo\/image\/\"},\"sameAs\":[\"https:\/\/www.facebook.com\/innovacionytecnologiaconsultores\"]}]}<\/script>\n<!-- \/ Yoast SEO plugin. -->","yoast_head_json":{"title":"Proyectos - IT Consultores S.A. | Conozca algunos de nuestros proyectos","description":"Implementaci\u00f3n de Sistema de Informaci\u00f3n Espacial en ambiente Web para la consulta de clientes e instalaciones de distribuci\u00f3n el\u00e9ctrica y mucho m\u00e1s.","robots":{"index":"index","follow":"follow","max-snippet":"max-snippet:-1","max-image-preview":"max-image-preview:large","max-video-preview":"max-video-preview:-1"},"canonical":"https:\/\/www.it-consultores.com\/wp\/proyectos\/","og_locale":"es_ES","og_type":"article","og_title":"Proyectos - IT Consultores S.A. | Conozca algunos de nuestros proyectos","og_description":"Implementaci\u00f3n de Sistema de Informaci\u00f3n Espacial en ambiente Web para la consulta de clientes e instalaciones de distribuci\u00f3n el\u00e9ctrica y mucho m\u00e1s.","og_url":"https:\/\/www.it-consultores.com\/wp\/proyectos\/","og_site_name":"Consultores de TI | Smallworld, CYME, GL Noble Denton | Peru","article_publisher":"https:\/\/www.facebook.com\/innovacionytecnologiaconsultores","article_modified_time":"2020-08-25T16:03:54+00:00","og_image":[{"url":"https:\/\/www.it-consultores.com\/wp\/wp-content\/uploads\/proyectos-it-consultores-01.webp","type":"","width":"","height":""}],"twitter_card":"summary_large_image","twitter_misc":{"Tiempo de lectura":"2 minutos"},"schema":{"@context":"https:\/\/schema.org","@graph":[{"@type":"WebPage","@id":"https:\/\/www.it-consultores.com\/wp\/proyectos\/","url":"https:\/\/www.it-consultores.com\/wp\/proyectos\/","name":"Proyectos - IT Consultores S.A. | Conozca algunos de nuestros proyectos","isPartOf":{"@id":"https:\/\/www.it-consultores.com\/wp\/#website"},"primaryImageOfPage":{"@id":"https:\/\/www.it-consultores.com\/wp\/proyectos\/#primaryimage"},"image":{"@id":"https:\/\/www.it-consultores.com\/wp\/proyectos\/#primaryimage"},"thumbnailUrl":"https:\/\/www.it-consultores.com\/wp\/wp-content\/uploads\/proyectos-it-consultores-01.webp","datePublished":"2018-11-26T17:46:44+00:00","dateModified":"2020-08-25T16:03:54+00:00","description":"Implementaci\u00f3n de Sistema de Informaci\u00f3n Espacial en ambiente Web para la consulta de clientes e instalaciones de distribuci\u00f3n el\u00e9ctrica y mucho m\u00e1s.","breadcrumb":{"@id":"https:\/\/www.it-consultores.com\/wp\/proyectos\/#breadcrumb"},"inLanguage":"es","potentialAction":[{"@type":"ReadAction","target":["https:\/\/www.it-consultores.com\/wp\/proyectos\/"]}]},{"@type":"ImageObject","inLanguage":"es","@id":"https:\/\/www.it-consultores.com\/wp\/proyectos\/#primaryimage","url":"https:\/\/www.it-consultores.com\/wp\/wp-content\/uploads\/proyectos-it-consultores-01.webp","contentUrl":"https:\/\/www.it-consultores.com\/wp\/wp-content\/uploads\/proyectos-it-consultores-01.webp"},{"@type":"BreadcrumbList","@id":"https:\/\/www.it-consultores.com\/wp\/proyectos\/#breadcrumb","itemListElement":[{"@type":"ListItem","position":1,"name":"Portada","item":"https:\/\/www.it-consultores.com\/wp\/"},{"@type":"ListItem","position":2,"name":"Proyectos"}]},{"@type":"WebSite","@id":"https:\/\/www.it-consultores.com\/wp\/#website","url":"https:\/\/www.it-consultores.com\/wp\/","name":"Consultores de TI | Smallworld, CYME, GL Noble Denton | Peru","description":"IT Consultores | Smallworld | CYME | Electric Office | PowerOn | Synergee Gas |Latino Am\u00e9rica","publisher":{"@id":"https:\/\/www.it-consultores.com\/wp\/#organization"},"potentialAction":[{"@type":"SearchAction","target":{"@type":"EntryPoint","urlTemplate":"https:\/\/www.it-consultores.com\/wp\/?s={search_term_string}"},"query-input":{"@type":"PropertyValueSpecification","valueRequired":true,"valueName":"search_term_string"}}],"inLanguage":"es"},{"@type":"Organization","@id":"https:\/\/www.it-consultores.com\/wp\/#organization","name":"Innovaci\u00f3n y Tecnolog\u00eda Consultores S.A.","url":"https:\/\/www.it-consultores.com\/wp\/","logo":{"@type":"ImageObject","inLanguage":"es","@id":"https:\/\/www.it-consultores.com\/wp\/#\/schema\/logo\/image\/","url":"https:\/\/www.it-consultores.com\/wp\/wp-content\/uploads\/it-imagen-destacada.png","contentUrl":"https:\/\/www.it-consultores.com\/wp\/wp-content\/uploads\/it-imagen-destacada.png","width":401,"height":401,"caption":"Innovaci\u00f3n y Tecnolog\u00eda Consultores S.A."},"image":{"@id":"https:\/\/www.it-consultores.com\/wp\/#\/schema\/logo\/image\/"},"sameAs":["https:\/\/www.facebook.com\/innovacionytecnologiaconsultores"]}]}},"uagb_featured_image_src":{"full":false,"thumbnail":false,"medium":false,"medium_large":false,"large":false,"1536x1536":false,"2048x2048":false},"uagb_author_info":{"display_name":"Administrador","author_link":"https:\/\/www.it-consultores.com\/wp\/author\/admin2020\/"},"uagb_comment_info":0,"uagb_excerpt":null,"_links":{"self":[{"href":"https:\/\/www.it-consultores.com\/wp\/wp-json\/wp\/v2\/pages\/375","targetHints":{"allow":["GET"]}}],"collection":[{"href":"https:\/\/www.it-consultores.com\/wp\/wp-json\/wp\/v2\/pages"}],"about":[{"href":"https:\/\/www.it-consultores.com\/wp\/wp-json\/wp\/v2\/types\/page"}],"author":[{"embeddable":true,"href":"https:\/\/www.it-consultores.com\/wp\/wp-json\/wp\/v2\/users\/1"}],"replies":[{"embeddable":true,"href":"https:\/\/www.it-consultores.com\/wp\/wp-json\/wp\/v2\/comments?post=375"}],"version-history":[{"count":12,"href":"https:\/\/www.it-consultores.com\/wp\/wp-json\/wp\/v2\/pages\/375\/revisions"}],"predecessor-version":[{"id":3251,"href":"https:\/\/www.it-consultores.com\/wp\/wp-json\/wp\/v2\/pages\/375\/revisions\/3251"}],"wp:attachment":[{"href":"https:\/\/www.it-consultores.com\/wp\/wp-json\/wp\/v2\/media?parent=375"}],"curies":[{"name":"wp","href":"https:\/\/api.w.org\/{rel}","templated":true}]}}