{"id":4116,"date":"2022-08-12T12:36:27","date_gmt":"2022-08-12T17:36:27","guid":{"rendered":"https:\/\/www.it-consultores.com\/wp\/?page_id=4116"},"modified":"2022-08-12T12:36:48","modified_gmt":"2022-08-12T17:36:48","slug":"contact-information","status":"publish","type":"page","link":"https:\/\/www.it-consultores.com\/wp\/en\/contact-information\/","title":{"rendered":"Contact Information"},"content":{"rendered":"\n<h3 class=\"has-text-color wp-block-heading\" style=\"color:#003a63\">Let us know your needs to offer you the best solution.<\/h3>\n\n\n\n<section class=\"wp-block-uagb-columns uagb-columns__wrap uagb-columns__background-undefined uagb-columns__stack-mobile uagb-columns__valign-undefined uagb-columns__gap-10 alignundefined uagb-columns__reverse-mobile uagb-block-350636d3\"><div class=\"uagb-columns__overlay\"><\/div><div class=\"uagb-columns__inner-wrap uagb-columns__columns-2\">\n<div class=\"wp-block-uagb-column uagb-column__wrap uagb-column__background-undefined uagb-block-e2bdfd99\"><div class=\"uagb-column__overlay\"><\/div><div class=\"uagb-column__inner-wrap\">\n<p class=\"has-text-color has-medium-font-size\" style=\"color:#003a63\"><strong>Office<\/strong><br>Av. Agust\u00edn de la Rosa Toro 950 <br>Oficina 301 San Luis, 15021 Lima, Per\u00fa<\/p>\n\n\n\n<p class=\"has-text-color has-medium-font-size\" style=\"color:#003a63\"><strong>Contact Us<\/strong><br>+51 (9) 51 217 889<br>+<a href=\"tel:5115038707\" class=\"ek-link\">51 (1) 5038707<\/a><br><a href=\"mailto:info@it-consultores.com\" class=\"ek-link\">info@it-consultores.com<\/a><\/p>\n\n\n\t\t\t<div \n\t\t\tclass=\"wp-block-uagb-google-map uagb-google-map__wrap uagb-block-91ff35b6     \"\n\t\t\tstyle=\"\" >\n\t\t\t\t<embed\n\t\t\t\t\tclass=\"uagb-google-map__iframe\"\n\t\t\t\t\ttitle=\"Mapa de Google de\"\n\t\t\t\t\tsrc=\"https:\/\/maps.google.com\/maps?q=agust%C3%ADn%20de%20la%20rosa%20toro%20950&#038;z=13&#038;hl=es&#038;t=m&#038;output=embed&#038;iwloc=near\"\n\t\t\t\t\twidth=\"640\"\n\t\t\t\t\theight=\"400\"\n\t\t\t\t\tloading=\"lazy\"\n\t\t\t\t><\/embed>\n\t\t\t<\/div>\n\t\t\t<\/div><\/div>\n\n\n\n<div class=\"wp-block-uagb-column uagb-column__wrap uagb-column__background-undefined uagb-block-cd3088ad\"><div class=\"uagb-column__overlay\"><\/div><div class=\"uagb-column__inner-wrap\">\n<section class=\"wp-block-uagb-section uagb-section__wrap uagb-section__background-color uagb-block-002ed7bc\"><div class=\"uagb-section__overlay\"><\/div><div class=\"uagb-section__inner-wrap\">\n<h2 class=\"has-text-align-center wp-block-heading\">Query Form<\/h2>\n\n\n\t\t\t\t<div class = \"wp-block-uagb-gf-styler uagb-gf-styler__outer-wrap uagb-block-a3042afa   \">\n\t\t\t\t\t<div class = \"uagb-gf-styler__align-left uagb-gf-styler__field-style-box uagb-gf-styler__gform-heading-none uagb-gf-styler__btn-align-left uagb-gf-styler__btn-align-tablet- uagb-gf-styler__btn-align-mobile- uagb-gf-styler__check-style-enabled\">\n\t\t\t\t\t\n                <div class='gf_browser_gecko gform_wrapper' id='gform_wrapper_1' ><form method='post' enctype='multipart\/form-data'  id='gform_1'  action='\/wp\/wp-json\/wp\/v2\/pages\/4116'>\n                        <div class='gform_heading'>\n                            <h3 class='gform_title'>Cons\u00faltenos<\/h3>\n                            <span class='gform_description'><\/span>\n                        <\/div>\n                        <div class='gform_body'><ul id='gform_fields_1' class='gform_fields top_label form_sublabel_below description_below'><li id='field_1_5'  class='gfield gfield_contains_required field_sublabel_hidden_label field_description_below hidden_label gfield_visibility_visible' ><label class='gfield_label gfield_label_before_complex'  >Nombres<span class='gfield_required'>*<\/span><\/label><div class='ginput_complex ginput_container no_prefix has_first_name no_middle_name has_last_name no_suffix gf_name_has_2 ginput_container_name' id='input_1_5'>\n                            \n                            <span id='input_1_5_3_container' class='name_first' >\n                                                    <input type='text' name='input_5.3' id='input_1_5_3' value='' aria-label='Nombre' tabindex='title='  aria-required=\"true\" aria-invalid=\"false\" placeholder='Nombres'\/>\n                                                    <label for='input_1_5_3' class='hidden_sub_label screen-reader-text'>Nombre<\/label>\n                                                <\/span>\n                            \n                            <span id='input_1_5_6_container' class='name_last' >\n                                                    <input type='text' name='input_5.6' id='input_1_5_6' value='' aria-label='Apellidos' tabindex='title='  aria-required=\"true\" aria-invalid=\"false\" placeholder='Apellidos'\/>\n                                                    <label for='input_1_5_6' class='hidden_sub_label screen-reader-text'>Apellidos<\/label>\n                                                <\/span>\n                            \n                        <\/div><\/li><li id='field_1_8'  class='gfield field_sublabel_below field_description_below hidden_label gfield_visibility_visible' ><label class='gfield_label' for='input_1_8' >Tel\u00e9fono<\/label><div class='ginput_container ginput_container_phone'><input name='input_8' id='input_1_8' type='text' value='' class='large' tabindex='title=' placeholder='Tel\u00e9fono'  aria-invalid=\"false\"  \/><\/div><\/li><li id='field_1_6'  class='gfield gfield_contains_required field_sublabel_below field_description_below hidden_label gfield_visibility_visible' ><label class='gfield_label' for='input_1_6' >Email<span class='gfield_required'>*<\/span><\/label><div class='ginput_container ginput_container_email'>\n                            <input name='input_6' id='input_1_6' type='text' value='' class='large' tabindex='title='  placeholder='Email' aria-required=\"true\" aria-invalid=\"false\" \/>\n                        <\/div><\/li><li id='field_1_11'  class='gfield field_sublabel_below field_description_below hidden_label gfield_visibility_visible' ><label class='gfield_label' for='input_1_11' >Empresa<\/label><div class='ginput_container ginput_container_text'><input name='input_11' id='input_1_11' type='text' value='' class='large'   tabindex='title=' placeholder='Empresa'  aria-invalid=\"false\" \/><\/div><\/li><li id='field_1_15'  class='gfield field_sublabel_below field_description_below hidden_label gfield_visibility_visible' ><label class='gfield_label' for='input_1_15' >Cargo Actual<\/label><div class='ginput_container ginput_container_text'><input name='input_15' id='input_1_15' type='text' value='' class='large'   tabindex='title=' placeholder='Cargo Actual'  aria-invalid=\"false\" \/><\/div><\/li><li id='field_1_12'  class='gfield gfield_contains_required field_sublabel_below field_description_below hidden_label gfield_visibility_visible' ><label class='gfield_label' for='input_1_12' >Pa\u00eds<span class='gfield_required'>*<\/span><\/label><div class='ginput_container ginput_container_select'><select name='input_12' id='input_1_12' class='large gfield_select' tabindex='title='  aria-required=\"true\" aria-invalid=\"false\"><option value='' selected='selected' class='gf_placeholder'>Pa\u00eds<\/option><option value='Argentina' >Argentina<\/option><option value='Bolivia' >Bolivia<\/option><option value='Brasil' >Brasil<\/option><option value='Canada' >Canada<\/option><option value='Chile' >Chile<\/option><option value='Colombia' >Colombia<\/option><option value='Ecuador' >Ecuador<\/option><option value='El Salvador' >El Salvador<\/option><option value='Espa\u00f1a' >Espa\u00f1a<\/option><option value='Estados Unidos' >Estados Unidos<\/option><option value='Guatemala' >Guatemala<\/option><option value='Honduras' >Honduras<\/option><option value='M\u00e9xico' >M\u00e9xico<\/option><option value='Nicaragua' >Nicaragua<\/option><option value='Panam\u00e1' >Panam\u00e1<\/option><option value='Paraguay' >Paraguay<\/option><option value='Per\u00fa' >Per\u00fa<\/option><option value='Portugal' >Portugal<\/option><option value='Puerto Rico' >Puerto Rico<\/option><option value='Rep\u00fablica Dominicana' >Rep\u00fablica Dominicana<\/option><option value='Uruguay' >Uruguay<\/option><option value='Venezuela' >Venezuela<\/option><\/select><\/div><\/li><li id='field_1_1'  class='gfield gfield_contains_required field_sublabel_below field_description_below hidden_label gfield_visibility_visible' ><label class='gfield_label' for='input_1_1' >Consultas<span class='gfield_required'>*<\/span><\/label><div class='ginput_container ginput_container_textarea'><textarea name='input_1' id='input_1_1' class='textarea medium' tabindex='title='   placeholder='Consultas' aria-required=\"true\" aria-invalid=\"false\"   rows='10' cols='50'><\/textarea><\/div><\/li><li id='field_1_14'  class='gfield field_sublabel_below field_description_below hidden_label gfield_visibility_visible' ><label class='gfield_label' for='input_1_14' >CAPTCHA<\/label><div id='input_1_14' class='ginput_container ginput_recaptcha' data-sitekey='6LcMtGwUAAAAABnREpe0g6vgyQzWB9neXYlU0jBl'  data-theme='light' data-tabindex='title='  data-badge=''><\/div><\/li><li id='field_1_16'  class='gfield gform_validation_container field_sublabel_below field_description_below gfield_visibility_visible' ><label class='gfield_label' for='input_1_16' >Email<\/label><div class='ginput_container'><input name='input_16' id='input_1_16' type='text' value='' \/><\/div><div class='gfield_description' id='gfield_description__16'>Este campo es un campo de validaci\u00f3n y debe quedar sin cambios.<\/div><\/li>\n                            <\/ul><\/div>\n        <div class='gform_footer top_label'> <input type='submit' id='gform_submit_button_1' class='gform_button button' value='Enviar' tabindex='title=' onclick='if(window[\"gf_submitting_1\"]){return false;}  window[\"gf_submitting_1\"]=true;  ' onkeypress='if( event.keyCode == 13 ){ if(window[\"gf_submitting_1\"]){return false;} window[\"gf_submitting_1\"]=true;  jQuery(\"#gform_1\").trigger(\"submit\",[true]); }' \/> \n            <input type='hidden' class='gform_hidden' name='is_submit_1' value='1' \/>\n            <input type='hidden' class='gform_hidden' name='gform_submit' value='1' \/>\n            \n            <input type='hidden' class='gform_hidden' name='gform_unique_id' value='' \/>\n            <input type='hidden' class='gform_hidden' name='state_1' value='WyJbXSIsIjNmYzljMDlhN2RmNmIxNzI2MWQxY2EyMzUzZDM3NGU3Il0=' \/>\n            <input type='hidden' class='gform_hidden' name='gform_target_page_number_1' id='gform_target_page_number_1' value='0' \/>\n            <input type='hidden' class='gform_hidden' name='gform_source_page_number_1' id='gform_source_page_number_1' value='1' \/>\n            <input type='hidden' name='gform_field_values' value='' \/>\n            \n        <\/div>\n                        <\/form>\n                        <\/div><script type='text\/javascript'> jQuery(document).bind('gform_post_render', function(event, formId, currentPage){if(formId == 1) {if(typeof Placeholders != 'undefined'){\n                        Placeholders.enable();\n                    }} } );jQuery(document).bind('gform_post_conditional_logic', function(event, formId, fields, isInit){} );<\/script><script type='text\/javascript'> jQuery(document).ready(function(){jQuery(document).trigger('gform_post_render', [1, 1]) } ); <\/script>\t\t\t\t\t<\/div>\n\t\t\t\t<\/div>\n\t\t\t\t\n\n\n<div style=\"height:50px\" aria-hidden=\"true\" class=\"wp-block-spacer\"><\/div>\n<\/div><\/section>\n<\/div><\/div>\n<\/div><\/section>\n\n\n\n<div style=\"height:100px\" aria-hidden=\"true\" class=\"wp-block-spacer editorskit-no-mobile\"><\/div>\n","protected":false},"excerpt":{"rendered":"<p>Let us know your needs to offer you the best solution. OfficeAv. Agust\u00edn de la Rosa Toro 950 Oficina 301 San Luis, 15021 Lima, Per\u00fa Contact Us+51 (9) 51 217 889+51 (1) 5038707info@it-consultores.com<\/p>\n","protected":false},"author":1,"featured_media":0,"parent":0,"menu_order":0,"comment_status":"closed","ping_status":"closed","template":"","meta":{"_acf_changed":false,"_editorskit_title_hidden":false,"_editorskit_reading_time":1,"_editorskit_is_block_options_detached":false,"_editorskit_block_options_position":"{}","inline_featured_image":false,"_uag_custom_page_level_css":"","site-sidebar-layout":"default","site-content-layout":"","ast-site-content-layout":"","site-content-style":"default","site-sidebar-style":"default","ast-global-header-display":"","ast-banner-title-visibility":"","ast-main-header-display":"","ast-hfb-above-header-display":"","ast-hfb-below-header-display":"","ast-hfb-mobile-header-display":"","site-post-title":"","ast-breadcrumbs-content":"","ast-featured-img":"","footer-sml-layout":"","theme-transparent-header-meta":"","adv-header-id-meta":"","stick-header-meta":"","header-above-stick-meta":"","header-main-stick-meta":"","header-below-stick-meta":"","astra-migrate-meta-layouts":"","footnotes":""},"class_list":["post-4116","page","type-page","status-publish","hentry"],"acf":[],"featured_image_urls_v2":{"full":"","thumbnail":"","medium":"","medium_large":"","large":"","1536x1536":"","2048x2048":""},"post_excerpt_stackable_v2":"<p>Let us know your needs to offer you the best solution. OfficeAv. Agust\u00edn de la Rosa Toro 950 Oficina 301 San Luis, 15021 Lima, Per\u00fa Contact Us+51 (9) 51 217 889+51 (1) 5038707info@it-consultores.com Query Form Cons\u00faltenos Nombres* Nombre Apellidos Tel\u00e9fonoEmail* EmpresaCargo ActualPa\u00eds*Pa\u00edsArgentinaBoliviaBrasilCanadaChileColombiaEcuadorEl SalvadorEspa\u00f1aEstados UnidosGuatemalaHondurasM\u00e9xicoNicaraguaPanam\u00e1ParaguayPer\u00faPortugalPuerto RicoRep\u00fablica DominicanaUruguayVenezuelaConsultas*CAPTCHACommentsEste campo es un campo de validaci\u00f3n y debe quedar sin cambios.<\/p>\n","category_list_v2":"","author_info_v2":{"name":"Administrador","url":"https:\/\/www.it-consultores.com\/wp\/author\/admin2020\/"},"comments_num_v2":"0 comentarios","yoast_head":"<!-- This site is optimized with the Yoast SEO plugin v26.9 - https:\/\/yoast.com\/product\/yoast-seo-wordpress\/ -->\n<title>Contact Information - Consultores de TI | Smallworld, CYME, GL Noble Denton | Peru<\/title>\n<meta name=\"robots\" content=\"index, follow, max-snippet:-1, max-image-preview:large, max-video-preview:-1\" \/>\n<link rel=\"canonical\" href=\"https:\/\/www.it-consultores.com\/wp\/en\/contact-information\/\" \/>\n<meta property=\"og:locale\" content=\"es_ES\" \/>\n<meta property=\"og:type\" content=\"article\" \/>\n<meta property=\"og:title\" content=\"Contact Information - Consultores de TI | Smallworld, CYME, GL Noble Denton | Peru\" \/>\n<meta property=\"og:description\" content=\"Let us know your needs to offer you the best solution. OfficeAv. Agust\u00edn de la Rosa Toro 950 Oficina 301 San Luis, 15021 Lima, Per\u00fa Contact Us+51 (9) 51 217 889+51 (1) 5038707info@it-consultores.com\" \/>\n<meta property=\"og:url\" content=\"https:\/\/www.it-consultores.com\/wp\/en\/contact-information\/\" \/>\n<meta property=\"og:site_name\" content=\"Consultores de TI | Smallworld, CYME, GL Noble Denton | Peru\" \/>\n<meta property=\"article:publisher\" content=\"https:\/\/www.facebook.com\/innovacionytecnologiaconsultores\" \/>\n<meta property=\"article:modified_time\" content=\"2022-08-12T17:36:48+00:00\" \/>\n<meta name=\"twitter:card\" content=\"summary_large_image\" \/>\n<script type=\"application\/ld+json\" class=\"yoast-schema-graph\">{\"@context\":\"https:\/\/schema.org\",\"@graph\":[{\"@type\":\"WebPage\",\"@id\":\"https:\/\/www.it-consultores.com\/wp\/en\/contact-information\/\",\"url\":\"https:\/\/www.it-consultores.com\/wp\/en\/contact-information\/\",\"name\":\"Contact Information - Consultores de TI | Smallworld, CYME, GL Noble Denton | Peru\",\"isPartOf\":{\"@id\":\"https:\/\/www.it-consultores.com\/wp\/#website\"},\"datePublished\":\"2022-08-12T17:36:27+00:00\",\"dateModified\":\"2022-08-12T17:36:48+00:00\",\"breadcrumb\":{\"@id\":\"https:\/\/www.it-consultores.com\/wp\/en\/contact-information\/#breadcrumb\"},\"inLanguage\":\"es\",\"potentialAction\":[{\"@type\":\"ReadAction\",\"target\":[\"https:\/\/www.it-consultores.com\/wp\/en\/contact-information\/\"]}]},{\"@type\":\"BreadcrumbList\",\"@id\":\"https:\/\/www.it-consultores.com\/wp\/en\/contact-information\/#breadcrumb\",\"itemListElement\":[{\"@type\":\"ListItem\",\"position\":1,\"name\":\"Portada\",\"item\":\"https:\/\/www.it-consultores.com\/wp\/\"},{\"@type\":\"ListItem\",\"position\":2,\"name\":\"Contact Information\"}]},{\"@type\":\"WebSite\",\"@id\":\"https:\/\/www.it-consultores.com\/wp\/#website\",\"url\":\"https:\/\/www.it-consultores.com\/wp\/\",\"name\":\"Consultores de TI | Smallworld, CYME, GL Noble Denton | Peru\",\"description\":\"IT Consultores | Smallworld | CYME | Electric Office | PowerOn | Synergee Gas |Latino Am\u00e9rica\",\"publisher\":{\"@id\":\"https:\/\/www.it-consultores.com\/wp\/#organization\"},\"potentialAction\":[{\"@type\":\"SearchAction\",\"target\":{\"@type\":\"EntryPoint\",\"urlTemplate\":\"https:\/\/www.it-consultores.com\/wp\/?s={search_term_string}\"},\"query-input\":{\"@type\":\"PropertyValueSpecification\",\"valueRequired\":true,\"valueName\":\"search_term_string\"}}],\"inLanguage\":\"es\"},{\"@type\":\"Organization\",\"@id\":\"https:\/\/www.it-consultores.com\/wp\/#organization\",\"name\":\"Innovaci\u00f3n y Tecnolog\u00eda Consultores S.A.\",\"url\":\"https:\/\/www.it-consultores.com\/wp\/\",\"logo\":{\"@type\":\"ImageObject\",\"inLanguage\":\"es\",\"@id\":\"https:\/\/www.it-consultores.com\/wp\/#\/schema\/logo\/image\/\",\"url\":\"https:\/\/www.it-consultores.com\/wp\/wp-content\/uploads\/it-imagen-destacada.png\",\"contentUrl\":\"https:\/\/www.it-consultores.com\/wp\/wp-content\/uploads\/it-imagen-destacada.png\",\"width\":401,\"height\":401,\"caption\":\"Innovaci\u00f3n y Tecnolog\u00eda Consultores S.A.\"},\"image\":{\"@id\":\"https:\/\/www.it-consultores.com\/wp\/#\/schema\/logo\/image\/\"},\"sameAs\":[\"https:\/\/www.facebook.com\/innovacionytecnologiaconsultores\"]}]}<\/script>\n<!-- \/ Yoast SEO plugin. -->","yoast_head_json":{"title":"Contact Information - Consultores de TI | Smallworld, CYME, GL Noble Denton | Peru","robots":{"index":"index","follow":"follow","max-snippet":"max-snippet:-1","max-image-preview":"max-image-preview:large","max-video-preview":"max-video-preview:-1"},"canonical":"https:\/\/www.it-consultores.com\/wp\/en\/contact-information\/","og_locale":"es_ES","og_type":"article","og_title":"Contact Information - Consultores de TI | Smallworld, CYME, GL Noble Denton | Peru","og_description":"Let us know your needs to offer you the best solution. OfficeAv. Agust\u00edn de la Rosa Toro 950 Oficina 301 San Luis, 15021 Lima, Per\u00fa Contact Us+51 (9) 51 217 889+51 (1) 5038707info@it-consultores.com","og_url":"https:\/\/www.it-consultores.com\/wp\/en\/contact-information\/","og_site_name":"Consultores de TI | Smallworld, CYME, GL Noble Denton | Peru","article_publisher":"https:\/\/www.facebook.com\/innovacionytecnologiaconsultores","article_modified_time":"2022-08-12T17:36:48+00:00","twitter_card":"summary_large_image","schema":{"@context":"https:\/\/schema.org","@graph":[{"@type":"WebPage","@id":"https:\/\/www.it-consultores.com\/wp\/en\/contact-information\/","url":"https:\/\/www.it-consultores.com\/wp\/en\/contact-information\/","name":"Contact Information - Consultores de TI | Smallworld, CYME, GL Noble Denton | Peru","isPartOf":{"@id":"https:\/\/www.it-consultores.com\/wp\/#website"},"datePublished":"2022-08-12T17:36:27+00:00","dateModified":"2022-08-12T17:36:48+00:00","breadcrumb":{"@id":"https:\/\/www.it-consultores.com\/wp\/en\/contact-information\/#breadcrumb"},"inLanguage":"es","potentialAction":[{"@type":"ReadAction","target":["https:\/\/www.it-consultores.com\/wp\/en\/contact-information\/"]}]},{"@type":"BreadcrumbList","@id":"https:\/\/www.it-consultores.com\/wp\/en\/contact-information\/#breadcrumb","itemListElement":[{"@type":"ListItem","position":1,"name":"Portada","item":"https:\/\/www.it-consultores.com\/wp\/"},{"@type":"ListItem","position":2,"name":"Contact Information"}]},{"@type":"WebSite","@id":"https:\/\/www.it-consultores.com\/wp\/#website","url":"https:\/\/www.it-consultores.com\/wp\/","name":"Consultores de TI | Smallworld, CYME, GL Noble Denton | Peru","description":"IT Consultores | Smallworld | CYME | Electric Office | PowerOn | Synergee Gas |Latino Am\u00e9rica","publisher":{"@id":"https:\/\/www.it-consultores.com\/wp\/#organization"},"potentialAction":[{"@type":"SearchAction","target":{"@type":"EntryPoint","urlTemplate":"https:\/\/www.it-consultores.com\/wp\/?s={search_term_string}"},"query-input":{"@type":"PropertyValueSpecification","valueRequired":true,"valueName":"search_term_string"}}],"inLanguage":"es"},{"@type":"Organization","@id":"https:\/\/www.it-consultores.com\/wp\/#organization","name":"Innovaci\u00f3n y Tecnolog\u00eda Consultores S.A.","url":"https:\/\/www.it-consultores.com\/wp\/","logo":{"@type":"ImageObject","inLanguage":"es","@id":"https:\/\/www.it-consultores.com\/wp\/#\/schema\/logo\/image\/","url":"https:\/\/www.it-consultores.com\/wp\/wp-content\/uploads\/it-imagen-destacada.png","contentUrl":"https:\/\/www.it-consultores.com\/wp\/wp-content\/uploads\/it-imagen-destacada.png","width":401,"height":401,"caption":"Innovaci\u00f3n y Tecnolog\u00eda Consultores S.A."},"image":{"@id":"https:\/\/www.it-consultores.com\/wp\/#\/schema\/logo\/image\/"},"sameAs":["https:\/\/www.facebook.com\/innovacionytecnologiaconsultores"]}]}},"uagb_featured_image_src":{"full":false,"thumbnail":false,"medium":false,"medium_large":false,"large":false,"1536x1536":false,"2048x2048":false},"uagb_author_info":{"display_name":"Administrador","author_link":"https:\/\/www.it-consultores.com\/wp\/author\/admin2020\/"},"uagb_comment_info":0,"uagb_excerpt":"Let us know your needs to offer you the best solution. OfficeAv. Agust\u00edn de la Rosa Toro 950 Oficina 301 San Luis, 15021 Lima, Per\u00fa Contact Us+51 (9) 51 217 889+51 (1) 5038707info@it-consultores.com","_links":{"self":[{"href":"https:\/\/www.it-consultores.com\/wp\/wp-json\/wp\/v2\/pages\/4116","targetHints":{"allow":["GET"]}}],"collection":[{"href":"https:\/\/www.it-consultores.com\/wp\/wp-json\/wp\/v2\/pages"}],"about":[{"href":"https:\/\/www.it-consultores.com\/wp\/wp-json\/wp\/v2\/types\/page"}],"author":[{"embeddable":true,"href":"https:\/\/www.it-consultores.com\/wp\/wp-json\/wp\/v2\/users\/1"}],"replies":[{"embeddable":true,"href":"https:\/\/www.it-consultores.com\/wp\/wp-json\/wp\/v2\/comments?post=4116"}],"version-history":[{"count":1,"href":"https:\/\/www.it-consultores.com\/wp\/wp-json\/wp\/v2\/pages\/4116\/revisions"}],"predecessor-version":[{"id":4117,"href":"https:\/\/www.it-consultores.com\/wp\/wp-json\/wp\/v2\/pages\/4116\/revisions\/4117"}],"wp:attachment":[{"href":"https:\/\/www.it-consultores.com\/wp\/wp-json\/wp\/v2\/media?parent=4116"}],"curies":[{"name":"wp","href":"https:\/\/api.w.org\/{rel}","templated":true}]}}